{"id":18,"date":"2020-10-10T15:28:08","date_gmt":"2020-10-10T15:28:08","guid":{"rendered":"http:\/\/advertserwis.pl\/?page_id=18"},"modified":"2020-10-10T15:28:08","modified_gmt":"2020-10-10T15:28:08","slug":"haft-komputerowy","status":"publish","type":"page","link":"http:\/\/advertserwis.pl\/index.php\/haft-komputerowy\/","title":{"rendered":"Haft komputerowy"},"content":{"rendered":"\n<p>Od 2004 r. profesjonalnie zajmujemy si\u0119 haftem komputerowym.<\/p>\n\n\n\n<p>Posiadamy w\u0142asne studio projektowe.<\/p>\n\n\n\n<p>Haftujemy na wyrobach gotowych takich jak : koszulki, bluzy, kurtki, czapki itp.<\/p>\n\n\n\n<p>A tak\u017ce na wykrojach do szycia<\/p>\n\n\n\n<p>Mo\u017cliwo\u015b\u0107 wykonania naszywek do przyszycia lub przyklejenia.<\/p>\n\n\n\n<p>Mo\u017cliwo\u015b\u0107 haftu na wyrobach zakupionych u nas lub powierzonych.<\/p>\n\n\n\n<p><\/p>\n","protected":false},"excerpt":{"rendered":"<p>Od 2004 r. profesjonalnie zajmujemy si\u0119 haftem komputerowym. Posiadamy w\u0142asne studio projektowe. Haftujemy na wyrobach gotowych takich jak : koszulki, bluzy, kurtki, czapki itp. A tak\u017ce na wykrojach do szycia Mo\u017cliwo\u015b\u0107 wykonania naszywek do przyszycia lub przyklejenia. Mo\u017cliwo\u015b\u0107 haftu na<\/p>\n<p class=\"more-link\"><a href=\"http:\/\/advertserwis.pl\/index.php\/haft-komputerowy\/\" class=\"readmore\">Continue reading<svg class=\"icon icon-arrow-right\" aria-hidden=\"true\" role=\"img\"> <use href=\"#icon-arrow-right\" xlink:href=\"#icon-arrow-right\"><\/use> <\/svg><span class=\"screen-reader-text\">Haft komputerowy<\/span><\/a><\/p>\n","protected":false},"author":1,"featured_media":0,"parent":0,"menu_order":0,"comment_status":"closed","ping_status":"closed","template":"","meta":[],"aioseo_notices":[],"_links":{"self":[{"href":"http:\/\/advertserwis.pl\/index.php\/wp-json\/wp\/v2\/pages\/18"}],"collection":[{"href":"http:\/\/advertserwis.pl\/index.php\/wp-json\/wp\/v2\/pages"}],"about":[{"href":"http:\/\/advertserwis.pl\/index.php\/wp-json\/wp\/v2\/types\/page"}],"author":[{"embeddable":true,"href":"http:\/\/advertserwis.pl\/index.php\/wp-json\/wp\/v2\/users\/1"}],"replies":[{"embeddable":true,"href":"http:\/\/advertserwis.pl\/index.php\/wp-json\/wp\/v2\/comments?post=18"}],"version-history":[{"count":1,"href":"http:\/\/advertserwis.pl\/index.php\/wp-json\/wp\/v2\/pages\/18\/revisions"}],"predecessor-version":[{"id":19,"href":"http:\/\/advertserwis.pl\/index.php\/wp-json\/wp\/v2\/pages\/18\/revisions\/19"}],"wp:attachment":[{"href":"http:\/\/advertserwis.pl\/index.php\/wp-json\/wp\/v2\/media?parent=18"}],"curies":[{"name":"wp","href":"https:\/\/api.w.org\/{rel}","templated":true}]}}