{"id":20,"date":"2020-10-10T16:23:38","date_gmt":"2020-10-10T16:23:38","guid":{"rendered":"http:\/\/advertserwis.pl\/?page_id=20"},"modified":"2022-09-07T19:53:35","modified_gmt":"2022-09-07T19:53:35","slug":"o-nas","status":"publish","type":"page","link":"http:\/\/advertserwis.pl\/","title":{"rendered":"O nas"},"content":{"rendered":"\n<figure class=\"wp-block-pullquote\"><blockquote><p>Firma Advert Serwis zajmuje si\u0119 dostaw\u0105 oraz znakowaniem odzie\u017cy oraz artyku\u0142\u00f3w reklamowych.<\/p><p>Zakres dzia\u0142ania jest nieograniczony i zale\u017cy od fantazji zamawiaj\u0105cego.<\/p><p>W katalogach posiadamy nieprzebran\u0105 ofert\u0119 gad\u017cet\u00f3w reklamowych, odzie\u017cy, kalendarzy.<\/p><p>Zapraszam do zapoznania si\u0119 z ofertami.<\/p><\/blockquote><\/figure>\n","protected":false},"excerpt":{"rendered":"<p>Firma Advert Serwis zajmuje si\u0119 dostaw\u0105 oraz znakowaniem odzie\u017cy oraz artyku\u0142\u00f3w reklamowych. Zakres dzia\u0142ania jest nieograniczony i zale\u017cy od fantazji zamawiaj\u0105cego. W katalogach posiadamy nieprzebran\u0105 ofert\u0119 gad\u017cet\u00f3w reklamowych, odzie\u017cy, kalendarzy. Zapraszam do zapoznania si\u0119 z ofertami.<\/p>\n","protected":false},"author":1,"featured_media":0,"parent":0,"menu_order":0,"comment_status":"closed","ping_status":"closed","template":"","meta":[],"aioseo_notices":[],"_links":{"self":[{"href":"http:\/\/advertserwis.pl\/index.php\/wp-json\/wp\/v2\/pages\/20"}],"collection":[{"href":"http:\/\/advertserwis.pl\/index.php\/wp-json\/wp\/v2\/pages"}],"about":[{"href":"http:\/\/advertserwis.pl\/index.php\/wp-json\/wp\/v2\/types\/page"}],"author":[{"embeddable":true,"href":"http:\/\/advertserwis.pl\/index.php\/wp-json\/wp\/v2\/users\/1"}],"replies":[{"embeddable":true,"href":"http:\/\/advertserwis.pl\/index.php\/wp-json\/wp\/v2\/comments?post=20"}],"version-history":[{"count":3,"href":"http:\/\/advertserwis.pl\/index.php\/wp-json\/wp\/v2\/pages\/20\/revisions"}],"predecessor-version":[{"id":119,"href":"http:\/\/advertserwis.pl\/index.php\/wp-json\/wp\/v2\/pages\/20\/revisions\/119"}],"wp:attachment":[{"href":"http:\/\/advertserwis.pl\/index.php\/wp-json\/wp\/v2\/media?parent=20"}],"curies":[{"name":"wp","href":"https:\/\/api.w.org\/{rel}","templated":true}]}}