{"id":7,"date":"2020-10-05T20:19:51","date_gmt":"2020-10-05T20:19:51","guid":{"rendered":"http:\/\/advertserwis.pl\/?page_id=7"},"modified":"2022-09-07T20:31:56","modified_gmt":"2022-09-07T20:31:56","slug":"gadzety-reklamowe","status":"publish","type":"page","link":"http:\/\/advertserwis.pl\/index.php\/gadzety-reklamowe\/","title":{"rendered":"Gad\u017cety reklamowe"},"content":{"rendered":"\n<figure class=\"wp-block-pullquote\"><blockquote><p><strong>Zapraszamy do zapoznania si\u0119 z wyszukiwark\u0105 gad\u017cet\u00f3w<\/strong><\/p><\/blockquote><\/figure>\n\n\n\n<p><a href=\"https:\/\/www.m-collection.tiphost.net\/index.php?lang=pl&amp;vkey=bcdf4a20f0af\">https:\/\/www.m-collection.tiphost.net\/index.php?lang=pl&amp;vkey=bcdf4a20f0af<\/a><\/p>\n\n\n\n<figure class=\"wp-block-pullquote\"><blockquote><p>lub katalogiem on-line<\/p><\/blockquote><\/figure>\n\n\n\n<p><a href=\"https:\/\/pub.tiphost.net\/catalogues\/Look_In_2022_pl\/mobile\/index.html\">https:\/\/pub.tiphost.net\/catalogues\/Look_In_2022_pl\/mobile\/index.html<\/a><\/p>\n\n\n\n<figure class=\"wp-block-pullquote\"><blockquote><p><strong>Zapachy samochodowe w w\u0142asnym nadrukiem, logo, zdj\u0119ciem<\/strong><\/p><\/blockquote><\/figure>\n\n\n\n<figure class=\"wp-block-image size-large is-resized\"><img loading=\"lazy\" src=\"http:\/\/advertserwis.pl\/wp-content\/uploads\/2020\/10\/zapachy-1024x248.jpg\" alt=\"\" class=\"wp-image-108\" width=\"945\" height=\"228\" srcset=\"http:\/\/advertserwis.pl\/wp-content\/uploads\/2020\/10\/zapachy-1024x248.jpg 1024w, http:\/\/advertserwis.pl\/wp-content\/uploads\/2020\/10\/zapachy-300x73.jpg 300w, http:\/\/advertserwis.pl\/wp-content\/uploads\/2020\/10\/zapachy-768x186.jpg 768w, http:\/\/advertserwis.pl\/wp-content\/uploads\/2020\/10\/zapachy-1536x372.jpg 1536w, http:\/\/advertserwis.pl\/wp-content\/uploads\/2020\/10\/zapachy-2048x497.jpg 2048w\" sizes=\"(max-width: 945px) 100vw, 945px\" \/><\/figure>\n\n\n\n<p>Zapytania i wyceny prosimy sk\u0142ada\u0107 przez formularz kontaktowy.<\/p>\n","protected":false},"excerpt":{"rendered":"<p>Zapraszamy do zapoznania si\u0119 z wyszukiwark\u0105 gad\u017cet\u00f3w https:\/\/www.m-collection.tiphost.net\/index.php?lang=pl&amp;vkey=bcdf4a20f0af lub katalogiem on-line https:\/\/pub.tiphost.net\/catalogues\/Look_In_2022_pl\/mobile\/index.html Zapachy samochodowe w w\u0142asnym nadrukiem, logo, zdj\u0119ciem Zapytania i wyceny prosimy sk\u0142ada\u0107 przez formularz kontaktowy.<\/p>\n","protected":false},"author":1,"featured_media":0,"parent":0,"menu_order":0,"comment_status":"closed","ping_status":"closed","template":"","meta":[],"aioseo_notices":[],"_links":{"self":[{"href":"http:\/\/advertserwis.pl\/index.php\/wp-json\/wp\/v2\/pages\/7"}],"collection":[{"href":"http:\/\/advertserwis.pl\/index.php\/wp-json\/wp\/v2\/pages"}],"about":[{"href":"http:\/\/advertserwis.pl\/index.php\/wp-json\/wp\/v2\/types\/page"}],"author":[{"embeddable":true,"href":"http:\/\/advertserwis.pl\/index.php\/wp-json\/wp\/v2\/users\/1"}],"replies":[{"embeddable":true,"href":"http:\/\/advertserwis.pl\/index.php\/wp-json\/wp\/v2\/comments?post=7"}],"version-history":[{"count":16,"href":"http:\/\/advertserwis.pl\/index.php\/wp-json\/wp\/v2\/pages\/7\/revisions"}],"predecessor-version":[{"id":125,"href":"http:\/\/advertserwis.pl\/index.php\/wp-json\/wp\/v2\/pages\/7\/revisions\/125"}],"wp:attachment":[{"href":"http:\/\/advertserwis.pl\/index.php\/wp-json\/wp\/v2\/media?parent=7"}],"curies":[{"name":"wp","href":"https:\/\/api.w.org\/{rel}","templated":true}]}}